{"id":302,"date":"2020-01-01T18:07:45","date_gmt":"2020-01-01T16:07:45","guid":{"rendered":"https:\/\/lykkelia.com\/?page_id=302"},"modified":"2025-02-25T18:05:05","modified_gmt":"2025-02-25T16:05:05","slug":"meista","status":"publish","type":"page","link":"https:\/\/lykkelia.com\/sv\/meista\/","title":{"rendered":"F\u00f6retaget"},"content":{"rendered":"<p>En vacker eftermiddag i slutet av december 2019, efter en l\u00e5ng naturinriktad promenad med familjen, b\u00f6rjade Lykkelia formas i v\u00e5ra tankar. Vi ville skapa n\u00e5got som speglar de saker som \u00e4r viktiga f\u00f6r oss; n\u00e4rhet, s\u00e4kerhet, milj\u00f6v\u00e4nlighet, en h\u00e4lsosam livsstil och lite \u00e4ventyrslust. F\u00f6r oss betyder detta lycka \ud83d\ude42 (=lykka p\u00e5 svenska, lykke p\u00e5 norska\/danska). Vad eller vad skulle detta \"n\u00e5got\" b\u00f6rjade bildas f\u00f6r oss i b\u00f6rjan av januari 2020 och sedan dess har hjulen snurrat.<\/p>\n<p>V\u00e5rt m\u00e5l \u00e4r att sprida denna lycka s\u00e5 att fler m\u00e4nniskor kan uppleva den och leva i den. Vi tror att m\u00e4nniskan och naturen \u00e4r menade att vara n\u00e4ra varandra och leva sida vid sida. Vi tror att v\u00e4lm\u00e5ende best\u00e5r av n\u00e4rhet och att ta hand om varandra. Det \u00e4r d\u00e4r vi alla kan h\u00e4mta mer kraft.<\/p>\n<p>D\u00e4rf\u00f6r vill vi f\u00e5 in mer av detta i vardagen p\u00e5 olika s\u00e4tt. Sj\u00e4lva namnet Lykkelia uppfanns av v\u00e5r son Leo, stort tack till dig Leo f\u00f6r det &lt;3 Jag tror att vi ocks\u00e5 delvis kan tacka hans syster Lykke f\u00f6r den id\u00e9n \ud83d\ude42<\/p>\n<p>Hj\u00e4rtat i f\u00f6retaget \u00e4r v\u00e5r familj och v\u00e5r milj\u00f6.<\/p>\n<p>V\u00e4lkomna med!<\/p>\n<hr \/>","protected":false},"excerpt":{"rendered":"<p>Er\u00e4\u00e4n\u00e4 kauniina iltap\u00e4iv\u00e4n\u00e4 joulukuun lopulla 2019, pitk\u00e4n luontokeskeisen k\u00e4velylenkin j\u00e4lkeen perheen kanssa, Lykkelia alkoi muodostua ajatuksissamme. Halusimme luoda jotain, joka peilaa meille t\u00e4rkeit\u00e4 asioita; l\u00e4heisyytt\u00e4, turvallisuutta, ymp\u00e4rist\u00f6yst\u00e4v\u00e4llisyytt\u00e4, terveellist\u00e4 el\u00e4m\u00e4ntapaa ja pient\u00e4 seikkailun halua. Meille t\u00e4m\u00e4 tarkoittaa onnellisuutta \ud83d\ude42 (=ruotsiksi lycka, norjaksi\/tanskaksi lykke). Mik\u00e4 tai mit\u00e4 t\u00e4m\u00e4 \u2019jotain\u2019 olisi alkoi meille muodostua tammikuun 2020 alussa ja &#8230; <\/p>\n<p class=\"read-more-container\"><a title=\"F\u00f6retaget\" class=\"read-more button\" href=\"https:\/\/lykkelia.com\/sv\/meista\/#more-302\" aria-label=\"L\u00e4s mer om Yritys\">L\u00e4s mer<\/a><\/p>","protected":false},"author":1,"featured_media":0,"parent":0,"menu_order":0,"comment_status":"closed","ping_status":"closed","template":"","meta":{"footnotes":""},"class_list":["post-302","page","type-page","status-publish"],"_links":{"self":[{"href":"https:\/\/lykkelia.com\/sv\/wp-json\/wp\/v2\/pages\/302","targetHints":{"allow":["GET"]}}],"collection":[{"href":"https:\/\/lykkelia.com\/sv\/wp-json\/wp\/v2\/pages"}],"about":[{"href":"https:\/\/lykkelia.com\/sv\/wp-json\/wp\/v2\/types\/page"}],"author":[{"embeddable":true,"href":"https:\/\/lykkelia.com\/sv\/wp-json\/wp\/v2\/users\/1"}],"replies":[{"embeddable":true,"href":"https:\/\/lykkelia.com\/sv\/wp-json\/wp\/v2\/comments?post=302"}],"version-history":[{"count":2,"href":"https:\/\/lykkelia.com\/sv\/wp-json\/wp\/v2\/pages\/302\/revisions"}],"predecessor-version":[{"id":4753,"href":"https:\/\/lykkelia.com\/sv\/wp-json\/wp\/v2\/pages\/302\/revisions\/4753"}],"wp:attachment":[{"href":"https:\/\/lykkelia.com\/sv\/wp-json\/wp\/v2\/media?parent=302"}],"curies":[{"name":"wp","href":"https:\/\/api.w.org\/{rel}","templated":true}]}}