{"id":4378,"date":"2019-12-28T19:29:01","date_gmt":"2019-12-28T19:29:01","guid":{"rendered":"https:\/\/lykkelia.com\/?page_id=3"},"modified":"2025-02-25T18:02:26","modified_gmt":"2025-02-25T16:02:26","slug":"privacy-policy-2","status":"publish","type":"page","link":"https:\/\/lykkelia.com\/sv\/privacy-policy-2\/","title":{"rendered":"Integritetspolicy"},"content":{"rendered":"<h2>Allm\u00e4nt om integritetspolicyn<\/h2>\n<p>Denna integritetspolicy beskriver vilka personuppgifter och andra uppgifter vi samlar in och hur vi behandlar dessa uppgifter. Integritetspolicyn till\u00e4mpas p\u00e5 v\u00e5r webbtj\u00e4nst.\n\nMed personuppgifter avses information som kan identifiera en enskild person.\n\nInnan du anv\u00e4nder v\u00e5ra tj\u00e4nster ber vi dig l\u00e4sa denna integrationspolicy och godk\u00e4nna principerna f\u00f6r behandling av personuppgifter och anv\u00e4ndningen av cookies i enlighet med integritetspolicyn. Om du inte godk\u00e4nner denna integritetspolicy eller anv\u00e4ndarvillkoren f\u00f6r tj\u00e4nsten har du inte r\u00e4tt att anv\u00e4nda tj\u00e4nsten.<\/p>\n<p>Vi iakttar dataskyddslagstiftningen och behandlar personuppgifter i enlighet med god databehandlings- och informationshanteringssed.<\/p>\n<h2>Vilken data samlar vi in och fr\u00e5n vilka k\u00e4llor?<\/h2>\n<p>Personuppgifter samlas huvudsakligen in av anv\u00e4ndaren sj\u00e4lv i samband med best\u00e4llningar, respons eller anm\u00e4lan till utbildning.<\/p>\n<p>Uppgifter som anv\u00e4ndaren sj\u00e4lv uppger:<\/p>\n<ul>\n<li>kontaktuppgifter, t.ex. namn och e-postadress n\u00e4r anv\u00e4ndaren best\u00e4llt varor<\/li>\n<li>annan information som har samlats in med anv\u00e4ndarens samtycke<\/li>\n<li>Uppgifter som observeras om anv\u00e4ndningen av tj\u00e4nster<\/li>\n<\/ul>\n<h2>Anv\u00e4ndning av tj\u00e4nstens olika funktioner samt sidvisningar<\/h2>\n<p>Sivuston k\u00e4ytt\u00f6\u00e4 analysoidaan Google Analyticsill\u00e4. Jotta Google Analytics voi analysoida verkkosivun k\u00e4ytt\u00f6\u00e4, se asettaa tietokoneeseen ev\u00e4steit\u00e4. Ev\u00e4steist\u00e4 saadaan tiedot siit\u00e4, miten k\u00e4yt\u00e4t sivustoa (mukaan lukien IP-osoitteesi). Tietojen avulla arvioidaan verkkosivuston k\u00e4ytt\u00f6\u00e4, koostetaan k\u00e4ytt\u00f6raportteja verkkosivuston omistajalle sek\u00e4 tarjoaa muita palveluita liittyen verkkosivuston aktiviteetteihin ja internetin k\u00e4ytt\u00f6\u00f6n. Sanahauista tallentuu lokiin haussa k\u00e4ytetyn laitteen IP-osoite.<br \/>\nMuut k\u00e4ytt\u00e4j\u00e4n suostumuksella ker\u00e4tyt tiedot.<\/p>\n<h2>F\u00f6r vilka \u00e4ndam\u00e5l samlar vi in data?<\/h2>\n<p>Personuppgifter kan behandlas f\u00f6r f\u00f6ljande \u00e4ndam\u00e5l:<\/p>\n<ul>\n<li>f\u00f6r att svara p\u00e5 respons<\/li>\n<li>f\u00f6r att skicka nyhetsbrev<\/li>\n<li>producera, uppr\u00e4tth\u00e5lla, skydda och utveckla tj\u00e4nster<\/li>\n<\/ul>\n<h2>L\u00e4mnas personuppgifterna ut?<\/h2>\n<p>Vi l\u00e4mnar i regel inte ut personuppgifter. Dina uppgifter kan dock l\u00e4mnas ut i f\u00f6ljande situationer:<\/p>\n<p><strong>Ditt samtycke<\/strong><br \/>\na. Personuppgifter kan l\u00e4mnas ut med ditt uttryckliga samtycke till exempel f\u00f6r tj\u00e4nster som en tredje part erbjuder.<br \/>\n<strong>Gemenskaper<\/strong><br \/>\na. Personuppgifter visas i regel inte till andra anv\u00e4ndare av v\u00e5ra tj\u00e4nster, men i vissa tj\u00e4nster \u00e4r det m\u00f6jligt att anv\u00e4ndaren sj\u00e4lv kan ge ut sina uppgifter till andra anv\u00e4ndare t.ex. i form av signatur (kommentarer till en blogg).<br \/>\n<strong>Underleverant\u00f6rer och tj\u00e4nsteleverant\u00f6rer<\/strong><br \/>\nVi anv\u00e4nder underleverant\u00f6rer och tj\u00e4nsteleverant\u00f6rer f\u00f6r tekniskt underh\u00e5ll av sina tj\u00e4nster, kundbetj\u00e4ning, kundkommunikation och unders\u00f6kningar. Personuppgifter kan l\u00e4mnas ut till underleverant\u00f6rer och tj\u00e4nsteleverant\u00f6rer endast i den m\u00e5n de deltar i tillhandah\u00e5llandet av v\u00e5ra tj\u00e4nster och f\u00f6r de \u00e4ndam\u00e5l som beskrivs i denna integritetspolicy. Underleverant\u00f6rerna och tj\u00e4nsteleverant\u00f6rerna f\u00e5r inte anv\u00e4nda personuppgifter som l\u00e4mnats ut till dem till andra \u00e4ndam\u00e5l \u00e4n de som beskrivs i denna integritetspolicy och som vi har angett. Vi f\u00f6rpliktar underleverant\u00f6rerna och tj\u00e4nsteleverant\u00f6rerna att h\u00e5lla uppgifterna hemliga och att s\u00e4kerst\u00e4lla att datasekretessen och informationss\u00e4kerheten \u00e4r p\u00e5 en s\u00e5dan niv\u00e5 att personuppgifterna \u00e4r skyddade.<br \/>\n<strong>Internationella data\u00f6verf\u00f6ringar<\/strong><br \/>\nVi str\u00e4var efter att alltid i f\u00f6rsta hand tillhandah\u00e5lla tj\u00e4nsterna och behandla dina personuppgifter inom EU och EES-omr\u00e5det. Om vi undantagsvis och fr\u00e5n fall till fall avviker fr\u00e5n denna princip kr\u00e4vs grundliga utredningar av hur datasekretessen och informationss\u00e4kerheten garanteras i fr\u00e5ga om den tj\u00e4nst som det avvikande f\u00f6rfarandet g\u00e4ller.<\/p>\n<h2>Utl\u00e4mnande av personuppgifter p\u00e5 grund av tvingande lagstiftning<\/h2>\n<p>a. Dina personuppgifter kan enligt lag l\u00e4mnas ut till andra myndigheter f\u00f6r myndighetsanv\u00e4ndning.<br \/>\n<strong>\u00d6verf\u00f6ring av uppgifter till tredjel\u00e4nder<\/strong><br \/>\na. Vi \u00f6verf\u00f6r uppgifter till l\u00e4nder utanf\u00f6r EU eller EES endast i undantagsfall. Om uppgifter \u00f6verf\u00f6rs utanf\u00f6r EU och EES ser vi till att skyddet av dina personuppgifter \u00e4r tillr\u00e4ckligt, bland annat genom att avtala om fr\u00e5gor g\u00e4llande sekretess och behandling av personuppgifter p\u00e5 det s\u00e4tt som lagstiftningen f\u00f6ruts\u00e4tter, till exempel genom att anv\u00e4nda de standardavtalsklausuler som godk\u00e4nts av Europeiska kommissionen, och \u00e4ven i \u00f6vrigt s\u00e5 att behandlingen av personuppgifter sker i enlighet med denna integritetspolicy.<\/p>\n<h2>Hur behandlar vi personuppgifter?<\/h2>\n<p>V\u00e5r personal kan behandla personuppgifter i enlighet med g\u00e4llande dataskyddslagstiftning. Vid behandlingen av personuppgifter kan vi till en viss del ocks\u00e5 anlita en tredje part. I s\u00e5 fall ser vi genom avtalsarrangemang till att personuppgifterna behandlas enligt lag och ocks\u00e5 i \u00f6vrigt p\u00e5 ett korrekt s\u00e4tt.<\/p>\n<h2>Vad g\u00f6r vi f\u00f6r att skydda personuppgifterna?<\/h2>\n<p>Registren uppr\u00e4tth\u00e5lls och skyddas med olika tekniska \u00e5tg\u00e4rder. Vi s\u00e4kerst\u00e4ller att v\u00e5ra system \u00e4r feltoleranta och att uppgifter kan \u00e5terh\u00e4mtas. Vi skyddar uppgifterna bland annat med hj\u00e4lp av \u00e5tkomstkontroll och tekniska l\u00f6sningar s\u00e5som brandmurar och l\u00f6senordsskydd. Dessa \u00e5tg\u00e4rder f\u00f6rhindrar \u00e5tkomst till lagrade data f\u00f6r andra \u00e4n anst\u00e4llda som vi namngett och tj\u00e4nsteleverant\u00f6rer som st\u00e5r i avtalsf\u00f6rh\u00e5llande till oss.<\/p>\n<p>Vi anm\u00e4ler eventuella hot mot eller kr\u00e4nkningar av informationss\u00e4kerheten direkt till polisen . F\u00f6r att skydda personuppgifterna kan vi ocks\u00e5 tillf\u00e4lligt st\u00e4nga tj\u00e4nster.<\/p>\n<h2>P\u00e5 vilket s\u00e4tt anv\u00e4nder vi cookies?<\/h2>\n<p>Vi anv\u00e4nder cookies f\u00f6r att f\u00f6rb\u00e4ttra webbtj\u00e4nsterna.<\/p>\n<h2>Hur l\u00e4nge sparar vi dina uppgifter?<\/h2>\n<p>Vi sparar dina uppgifter i enlighet med g\u00e4llande lagstiftning och endast s\u00e5 l\u00e4nge som det \u00e4r n\u00f6dv\u00e4ndigt f\u00f6r att genomf\u00f6ra de \u00e4ndam\u00e5l som beskrivs i denna integritetspolicy. Vi kommer att radera dina personuppgifter n\u00e4r grunden f\u00f6r att behandla dem upph\u00f6r.<\/p>\n<h2>Vilka r\u00e4ttigheter har du?<\/h2>\n<p>Enligt lag har du r\u00e4tt att kontrollera de uppgifter vi har samlat in om dig. Du har ocks\u00e5 r\u00e4tt att kr\u00e4va att oriktiga, bristf\u00e4lliga, on\u00f6diga eller f\u00f6r\u00e5ldrade uppgifter ska korrigeras eller raderas.\nDu kan ut\u00f6va din r\u00e4tt genom att kontakta den registeransvarige som anges nedan.<\/p>\n<h2>\u00c4ndringar i integritetspolicyn<\/h2>\n<p>Vi utvecklar kontinuerligt v\u00e5ra tj\u00e4nster och kan d\u00e5 och d\u00e5 g\u00f6ra \u00e4ndringar i denna integritetspolicy utan ett f\u00f6rhandsmeddelande. Vid v\u00e4sentliga \u00e4ndringar meddelar dock vi om \u00e4ndringarna i b\u00f6rjan av integritetspolicyn och p\u00e5 webbplatsen under minst 30 dygn. \u00c4ndringar kan ocks\u00e5 bero p\u00e5 \u00e4ndringar i lagstiftningen. Vi rekommenderar att du d\u00e5 och d\u00e5 tar del av integritetspolicyn f\u00f6r att f\u00e5 information om eventuella \u00e4ndringar i den.<\/p>\n<h2>Vem \u00e4r registeransvarig och vem kan du kontakta?<\/h2>\n<p>Tveka inte att kontakta oss om du har fr\u00e5gor om v\u00e5r integritetspolicy.<\/p>\n<p>Lykkelia lifestyle<br \/>\n20250 \u00c5bo<br \/>\nPuh.nro. +358 40 9383914<br \/>\nEpost. info@lykkelia.com<\/p>","protected":false},"excerpt":{"rendered":"<p>Yleist\u00e4 tietosuojak\u00e4yt\u00e4nn\u00f6st\u00e4 T\u00e4ss\u00e4 tietosuojak\u00e4yt\u00e4nn\u00f6ss\u00e4 kuvataan, mit\u00e4 henkil\u00f6tietoja ja muita tietoja ker\u00e4\u00e4mme, ja miten k\u00e4sittelemme n\u00e4it\u00e4 tietoja. T\u00e4t\u00e4 tietosuojak\u00e4yt\u00e4nt\u00f6\u00e4 sovelletaan tarjoamissa verkkopalveluissa. Henkil\u00f6tiedolla tarkoitetaan tietoa, josta yksitt\u00e4inen henkil\u00f6 voi olla tunnistettavissa. K\u00e4ytt\u00e4j\u00e4n tulee lukea t\u00e4m\u00e4 tietosuojak\u00e4yt\u00e4nt\u00f6 ennen kuin h\u00e4n aloittaa palvelujemme k\u00e4yt\u00f6n sek\u00e4 hyv\u00e4ksy\u00e4 henkil\u00f6tietojen k\u00e4sittely\u00e4 koskevat menettelyt ja ev\u00e4steiden k\u00e4ytt\u00f6 t\u00e4m\u00e4n tietosuojak\u00e4yt\u00e4nn\u00f6n mukaisesti. Mik\u00e4li k\u00e4ytt\u00e4j\u00e4 &#8230; <\/p>\n<p class=\"read-more-container\"><a title=\"Integritetspolicy\" class=\"read-more button\" href=\"https:\/\/lykkelia.com\/sv\/privacy-policy-2\/#more-4378\" aria-label=\"L\u00e4s mer om Tietosuojak\u00e4yt\u00e4nt\u00f6\">L\u00e4s mer<\/a><\/p>","protected":false},"author":1,"featured_media":0,"parent":0,"menu_order":0,"comment_status":"closed","ping_status":"open","template":"","meta":{"footnotes":""},"class_list":["post-4378","page","type-page","status-publish"],"_links":{"self":[{"href":"https:\/\/lykkelia.com\/sv\/wp-json\/wp\/v2\/pages\/4378","targetHints":{"allow":["GET"]}}],"collection":[{"href":"https:\/\/lykkelia.com\/sv\/wp-json\/wp\/v2\/pages"}],"about":[{"href":"https:\/\/lykkelia.com\/sv\/wp-json\/wp\/v2\/types\/page"}],"author":[{"embeddable":true,"href":"https:\/\/lykkelia.com\/sv\/wp-json\/wp\/v2\/users\/1"}],"replies":[{"embeddable":true,"href":"https:\/\/lykkelia.com\/sv\/wp-json\/wp\/v2\/comments?post=4378"}],"version-history":[{"count":2,"href":"https:\/\/lykkelia.com\/sv\/wp-json\/wp\/v2\/pages\/4378\/revisions"}],"predecessor-version":[{"id":4751,"href":"https:\/\/lykkelia.com\/sv\/wp-json\/wp\/v2\/pages\/4378\/revisions\/4751"}],"wp:attachment":[{"href":"https:\/\/lykkelia.com\/sv\/wp-json\/wp\/v2\/media?parent=4378"}],"curies":[{"name":"wp","href":"https:\/\/api.w.org\/{rel}","templated":true}]}}