{"id":1034,"date":"2020-01-16T13:17:26","date_gmt":"2020-01-16T11:17:26","guid":{"rendered":"https:\/\/lykkelia.com\/?post_type=product&amp;p=1034"},"modified":"2020-01-16T13:17:26","modified_gmt":"2020-01-16T11:17:26","slug":"pannunalunen-pitkanomainen","status":"publish","type":"product","link":"https:\/\/lykkelia.com\/sv\/product\/pannunalunen-pitkanomainen\/","title":{"rendered":"Kastrullunderl\u00e4gg stor avl\u00e5ng"},"content":{"rendered":"<p class=\"translation-block\">Genom tiderna har man gjort rephantverk av det h\u00e4r slaget \u00f6ver hela v\u00e4rlden. I dag \u00e4r det f\u00e5 som kan denna konst.<\/p>\n<p>Anv\u00e4ndning: under kastruller, stekpannor eller andra varma k\u00e4rl. Fungerar \u00e4ven som inredningsdetalj.<br \/>\nFungerar \u00e4ven som inredningsdetalj.<br \/>\nMaterial: manilarep<br \/>\nKoko: noin 34 x 24 cm<\/p>\n<p>Tillverkare: G.G Rope<\/p>","protected":false},"excerpt":{"rendered":"<p>L\u00e4pi aikojen merimiehet ovat tehneet t\u00e4llaisia k\u00f6ysit\u00f6it\u00e4 ymp\u00e4ri maailmaa.T\u00e4n\u00e4 p\u00e4iv\u00e4n\u00e4 harva hallitsee t\u00e4m\u00e4n taidon. K\u00e4ytt\u00f6: kattiloiden, paistinpannujen tai muiden l\u00e4mpimien astioiden alle. Sopii my\u00f6s sisustuselementiksi. Materiaali: manillak\u00f6ysi Koko: noin 34 x 24 cm Valmistaja: G.G Rope<\/p>","protected":false},"featured_media":1280,"comment_status":"open","ping_status":"closed","template":"","meta":[],"product_brand":[],"product_cat":[79],"product_tag":[78],"class_list":{"0":"post-1034","1":"product","2":"type-product","3":"status-publish","4":"has-post-thumbnail","6":"product_cat-keittio","7":"product_tag-kastrullunderlagg-sv","8":"product_shipping_class-s-paket","9":"resize-featured-image","10":"sales-flash-overlay","11":"woocommerce-text-align-center","12":"woocommerce-image-align-center","13":"do-quantity-buttons","15":"first","16":"instock","17":"taxable","18":"shipping-taxable","19":"purchasable","20":"product-type-simple"},"_links":{"self":[{"href":"https:\/\/lykkelia.com\/sv\/wp-json\/wp\/v2\/product\/1034","targetHints":{"allow":["GET"]}}],"collection":[{"href":"https:\/\/lykkelia.com\/sv\/wp-json\/wp\/v2\/product"}],"about":[{"href":"https:\/\/lykkelia.com\/sv\/wp-json\/wp\/v2\/types\/product"}],"replies":[{"embeddable":true,"href":"https:\/\/lykkelia.com\/sv\/wp-json\/wp\/v2\/comments?post=1034"}],"wp:featuredmedia":[{"embeddable":true,"href":"https:\/\/lykkelia.com\/sv\/wp-json\/wp\/v2\/media\/1280"}],"wp:attachment":[{"href":"https:\/\/lykkelia.com\/sv\/wp-json\/wp\/v2\/media?parent=1034"}],"wp:term":[{"taxonomy":"product_brand","embeddable":true,"href":"https:\/\/lykkelia.com\/sv\/wp-json\/wp\/v2\/product_brand?post=1034"},{"taxonomy":"product_cat","embeddable":true,"href":"https:\/\/lykkelia.com\/sv\/wp-json\/wp\/v2\/product_cat?post=1034"},{"taxonomy":"product_tag","embeddable":true,"href":"https:\/\/lykkelia.com\/sv\/wp-json\/wp\/v2\/product_tag?post=1034"}],"curies":[{"name":"wp","href":"https:\/\/api.w.org\/{rel}","templated":true}]}}