{"id":1039,"date":"2020-01-16T13:22:06","date_gmt":"2020-01-16T11:22:06","guid":{"rendered":"https:\/\/lykkelia.com\/?post_type=product&amp;p=1039"},"modified":"2020-01-16T13:22:06","modified_gmt":"2020-01-16T11:22:06","slug":"pannunalunen-pitka","status":"publish","type":"product","link":"https:\/\/lykkelia.com\/sv\/product\/pannunalunen-pitka\/","title":{"rendered":"L\u00f6pare \/ l\u00e5ngt kastrullunderl\u00e4gg"},"content":{"rendered":"<p class=\"translation-block\">Genom tiderna har man gjort rephantverk av det h\u00e4r slaget \u00f6ver hela v\u00e4rlden. I dag \u00e4r det f\u00e5 som kan denna konst.<\/p>\n<p>Anv\u00e4ndning: under kastruller, stekpannor eller andra varma k\u00e4rl. Fungerar \u00e4ven som inredningsdetalj.<br \/>\nFungerar \u00e4ven som en l\u00f6pare p\u00e5 bordet.<\/p>\n<p>Material: manilarep<\/p>\n<p>Storlek: ca 68 x 20 cm<\/p>\n<p>Tillverkare: G.G Rope<\/p>","protected":false},"excerpt":{"rendered":"<p>L\u00e4pi aikojen merimiehet ovat tehneet t\u00e4llaisia k\u00f6ysit\u00f6it\u00e4 ymp\u00e4ri maailmaa.T\u00e4n\u00e4 p\u00e4iv\u00e4n\u00e4 harva hallitsee t\u00e4m\u00e4n taidon. K\u00e4ytt\u00f6: kattiloiden, paistinpannujen tai muiden l\u00e4mpimien astioiden alle. Sopii my\u00f6s kaitaliinaksi p\u00f6yd\u00e4lle. Materiaali: manillak\u00f6ysi Koko: noin 68 x 20 cm Valmistaja: G.G Rope<\/p>","protected":false},"featured_media":1278,"comment_status":"open","ping_status":"closed","template":"","meta":[],"product_brand":[],"product_cat":[79],"product_tag":[78],"class_list":{"0":"post-1039","1":"product","2":"type-product","3":"status-publish","4":"has-post-thumbnail","6":"product_cat-keittio","7":"product_tag-kastrullunderlagg-sv","8":"product_shipping_class-s-paket","9":"resize-featured-image","10":"sales-flash-overlay","11":"woocommerce-text-align-center","12":"woocommerce-image-align-center","13":"do-quantity-buttons","15":"first","16":"instock","17":"taxable","18":"shipping-taxable","19":"purchasable","20":"product-type-simple"},"_links":{"self":[{"href":"https:\/\/lykkelia.com\/sv\/wp-json\/wp\/v2\/product\/1039","targetHints":{"allow":["GET"]}}],"collection":[{"href":"https:\/\/lykkelia.com\/sv\/wp-json\/wp\/v2\/product"}],"about":[{"href":"https:\/\/lykkelia.com\/sv\/wp-json\/wp\/v2\/types\/product"}],"replies":[{"embeddable":true,"href":"https:\/\/lykkelia.com\/sv\/wp-json\/wp\/v2\/comments?post=1039"}],"wp:featuredmedia":[{"embeddable":true,"href":"https:\/\/lykkelia.com\/sv\/wp-json\/wp\/v2\/media\/1278"}],"wp:attachment":[{"href":"https:\/\/lykkelia.com\/sv\/wp-json\/wp\/v2\/media?parent=1039"}],"wp:term":[{"taxonomy":"product_brand","embeddable":true,"href":"https:\/\/lykkelia.com\/sv\/wp-json\/wp\/v2\/product_brand?post=1039"},{"taxonomy":"product_cat","embeddable":true,"href":"https:\/\/lykkelia.com\/sv\/wp-json\/wp\/v2\/product_cat?post=1039"},{"taxonomy":"product_tag","embeddable":true,"href":"https:\/\/lykkelia.com\/sv\/wp-json\/wp\/v2\/product_tag?post=1039"}],"curies":[{"name":"wp","href":"https:\/\/api.w.org\/{rel}","templated":true}]}}