{"id":3039,"date":"2020-02-25T21:18:04","date_gmt":"2020-02-25T18:18:04","guid":{"rendered":"https:\/\/lykkelia.com\/?post_type=product&#038;p=3039"},"modified":"2024-10-20T22:41:35","modified_gmt":"2024-10-20T19:41:35","slug":"tiski-ja-siivoussaippua","status":"publish","type":"product","link":"https:\/\/lykkelia.com\/sv\/product\/tiski-ja-siivoussaippua\/","title":{"rendered":"Disk och st\u00e4dtv\u00e5l"},"content":{"rendered":"<p>Anv\u00e4ndning: Att tv\u00e4tta, diska och st\u00e4da med.<\/p>\n<p class=\"translation-block\">Ingredienser: Sodium cocoate *(f\u00f6rtv\u00e5lad kokosolja), Sodium olivte *(f\u00f6rtv\u00e5lad olivolja), Aqua (vatten), Glycerine ( bildas fr\u00e5n kokosoljan och olivoljan vid f\u00f6rtv\u00e5lningen)<\/p>\n<p>Vikt: ca 50 g<\/p>\n<p>Storlek: ca 65 x 50 x 20 mm<\/p>\n<p>Tillverkare: Tant Gr\u00f6ns St\u00e4d<\/p>","protected":false},"excerpt":{"rendered":"<p>K\u00e4ytt\u00f6: Pesemiseen, tiskaamiseen ja siivoukseen. Sis\u00e4lt\u00f6: Sodium cocoate* (Saippuoitunut kookos\u00f6ljy), Sodium olivate* (saippuoitunut oliivi\u00f6ljy), Aqua (vesi), Glycerine (muodostuu kookos\u00f6ljyst\u00e4 ja oliivi\u00f6ljyst\u00e4 saippuointi prosessissa) *luomu tuotteita Paino: noin 50 g Koko: noin 65 x 50 x 20 mm Valmistaja: Tant Gr\u00f6ns St\u00e4d<\/p>","protected":false},"featured_media":3139,"comment_status":"open","ping_status":"closed","template":"","meta":[],"product_brand":[],"product_cat":[135],"product_tag":[129],"class_list":{"0":"post-3039","1":"product","2":"type-product","3":"status-publish","4":"has-post-thumbnail","6":"product_cat-siivousvalineet","7":"product_tag-saippua","8":"product_shipping_class-s-paket","9":"resize-featured-image","10":"sales-flash-overlay","11":"woocommerce-text-align-center","12":"woocommerce-image-align-center","13":"do-quantity-buttons","15":"first","16":"instock","17":"taxable","18":"shipping-taxable","19":"purchasable","20":"product-type-simple"},"_links":{"self":[{"href":"https:\/\/lykkelia.com\/sv\/wp-json\/wp\/v2\/product\/3039","targetHints":{"allow":["GET"]}}],"collection":[{"href":"https:\/\/lykkelia.com\/sv\/wp-json\/wp\/v2\/product"}],"about":[{"href":"https:\/\/lykkelia.com\/sv\/wp-json\/wp\/v2\/types\/product"}],"replies":[{"embeddable":true,"href":"https:\/\/lykkelia.com\/sv\/wp-json\/wp\/v2\/comments?post=3039"}],"wp:featuredmedia":[{"embeddable":true,"href":"https:\/\/lykkelia.com\/sv\/wp-json\/wp\/v2\/media\/3139"}],"wp:attachment":[{"href":"https:\/\/lykkelia.com\/sv\/wp-json\/wp\/v2\/media?parent=3039"}],"wp:term":[{"taxonomy":"product_brand","embeddable":true,"href":"https:\/\/lykkelia.com\/sv\/wp-json\/wp\/v2\/product_brand?post=3039"},{"taxonomy":"product_cat","embeddable":true,"href":"https:\/\/lykkelia.com\/sv\/wp-json\/wp\/v2\/product_cat?post=3039"},{"taxonomy":"product_tag","embeddable":true,"href":"https:\/\/lykkelia.com\/sv\/wp-json\/wp\/v2\/product_tag?post=3039"}],"curies":[{"name":"wp","href":"https:\/\/api.w.org\/{rel}","templated":true}]}}