{"id":4039,"date":"2023-05-30T08:42:32","date_gmt":"2023-05-30T05:42:32","guid":{"rendered":"https:\/\/lykkelia.com\/?post_type=product&amp;p=4039"},"modified":"2024-09-17T15:38:39","modified_gmt":"2024-09-17T12:38:39","slug":"kuusenpihkavoide","status":"publish","type":"product","link":"https:\/\/lykkelia.com\/sv\/product\/kuusenpihkavoide\/","title":{"rendered":"Grank\u00e5dsalva"},"content":{"rendered":"<p>K\u00e5dan \u00e4r tr\u00e4dets f\u00f6rsvar mot skador. D\u00e5 en gren g\u00e5r av eller tr\u00e4det f\u00e5r ett hack, tr\u00e4nger k\u00e5dan fram f\u00f6r att skydda tr\u00e4det mot yttre angrepp. D\u00e4rf\u00f6r \u00e4r k\u00e5dan bakterieh\u00e4mmande, bakterie- och svampd\u00f6dande samt antiseptisk.<\/p>\n<p>Lykkelia lifestyles grank\u00e5dsalva \u00e4r vegansk och inneh\u00e5ller enbart ekologiska r\u00e5varor. K\u00e5dan i salvan utg\u00f6r minst 30 %. Salvan \u00e4r utan konserveringsmedel. K\u00e5dsalvan levereras i en plastfri aluminiumburk.<\/p>\n<p>Anv\u00e4ndning: k\u00e5dsalvan anv\u00e4nds bl.a. p\u00e5 torr hud, trasiga nagelband, torra l\u00e4ppar, s\u00e5r, skrubbs\u00e5r, skavs\u00e5r, eksem och br\u00e4nnskador. Lindrar \u00e4ven kl\u00e5da vid insektbett. Bra f\u00f6r att dra ut stickor ur huden (l\u00e5t verka \u00f6ver natten). Fungerar bra p\u00e5 b\u00e5de m\u00e4nniskor och djur.<\/p>\n<p>OBS! Personer som \u00e4r \u00f6verk\u00e4nsliga mot harts kan f\u00e5 en allergisk reaktion av k\u00e5dsalvan.<\/p>\n<p>Inneh\u00e5ll: Grank\u00e5da, rypsolja, bivax. Alla ingredienser \u00e4r ekologiska<\/p>\n<p>INCI: Spruce picea abies, Brassica rapa seed oil, Cera flava. All ingredients are organic.<\/p>\n<p>Storlek: 35 ml<\/p>\n<p>Tillverkare: Lykkelia lifestyle<\/p>","protected":false},"excerpt":{"rendered":"<p>Pihka on puun suojautumiskeino vaurioita vastaan. Pihka tunkee esille puun suojaksi, jotta puu v\u00e4lttyy ulkoiselta uhalta, oksan katketessa tai puun kuoreen tullessa lovi. T\u00e4m\u00e4n takia pihka on bakteereja est\u00e4v\u00e4 ja tuhoava, sieni\u00e4 tuhoava sek\u00e4 antiseptinen. Lykkelia lifestylen kuusenpihkavoide on vegaaninen ja sis\u00e4lt\u00e4\u00e4 ainoastaan luomu raaka-aineita. Pihkan vahvuus voiteessa on v\u00e4hint\u00e4\u00e4n 30 %. Voide on s\u00e4il\u00f6nt\u00e4aineeton &#8230; <\/p>\n<p class=\"read-more-container\"><a title=\"Grank\u00e5dsalva\" class=\"read-more button\" href=\"https:\/\/lykkelia.com\/sv\/product\/kuusenpihkavoide\/#more-4039\" aria-label=\"L\u00e4s mer om Kuusenpihkavoide\">L\u00e4s mer<\/a><\/p>","protected":false},"featured_media":4035,"comment_status":"open","ping_status":"closed","template":"","meta":[],"product_brand":[],"product_cat":[157],"product_tag":[158],"class_list":{"0":"post-4039","1":"product","2":"type-product","3":"status-publish","4":"has-post-thumbnail","6":"product_cat-vartalonhoito","7":"product_tag-voide","8":"product_shipping_class-s-paket","9":"resize-featured-image","10":"sales-flash-overlay","11":"woocommerce-text-align-center","12":"woocommerce-image-align-center","13":"do-quantity-buttons","15":"first","16":"instock","17":"taxable","18":"shipping-taxable","19":"purchasable","20":"product-type-simple"},"_links":{"self":[{"href":"https:\/\/lykkelia.com\/sv\/wp-json\/wp\/v2\/product\/4039","targetHints":{"allow":["GET"]}}],"collection":[{"href":"https:\/\/lykkelia.com\/sv\/wp-json\/wp\/v2\/product"}],"about":[{"href":"https:\/\/lykkelia.com\/sv\/wp-json\/wp\/v2\/types\/product"}],"replies":[{"embeddable":true,"href":"https:\/\/lykkelia.com\/sv\/wp-json\/wp\/v2\/comments?post=4039"}],"wp:featuredmedia":[{"embeddable":true,"href":"https:\/\/lykkelia.com\/sv\/wp-json\/wp\/v2\/media\/4035"}],"wp:attachment":[{"href":"https:\/\/lykkelia.com\/sv\/wp-json\/wp\/v2\/media?parent=4039"}],"wp:term":[{"taxonomy":"product_brand","embeddable":true,"href":"https:\/\/lykkelia.com\/sv\/wp-json\/wp\/v2\/product_brand?post=4039"},{"taxonomy":"product_cat","embeddable":true,"href":"https:\/\/lykkelia.com\/sv\/wp-json\/wp\/v2\/product_cat?post=4039"},{"taxonomy":"product_tag","embeddable":true,"href":"https:\/\/lykkelia.com\/sv\/wp-json\/wp\/v2\/product_tag?post=4039"}],"curies":[{"name":"wp","href":"https:\/\/api.w.org\/{rel}","templated":true}]}}