{"id":4279,"date":"2021-11-20T17:48:11","date_gmt":"2021-11-20T14:48:11","guid":{"rendered":"https:\/\/lykkelia.com\/?post_type=product&#038;p=4279"},"modified":"2025-04-06T12:17:46","modified_gmt":"2025-04-06T09:17:46","slug":"porkkanavoide","status":"publish","type":"product","link":"https:\/\/lykkelia.com\/sv\/product\/porkkanavoide\/","title":{"rendered":"Morotscr\u00e9me"},"content":{"rendered":"<p>Morotscr\u00e9men passar som ansiktskr\u00e4m. Det ger ansiktet en l\u00e4tt solbr\u00e4nd f\u00e4rg, men absolut inte en orange f\u00e4rg. Denna kr\u00e4m \u00e4r dessutom vattenfri, s\u00e5 den passar \u00e4ven f\u00f6r ansiktet p\u00e5 vintern. Kr\u00e4men inneh\u00e5ller naturliga ingredienser.<\/p>\n<p>Morot inneh\u00e5ller betakaroten som fungerar som en antioxidant p\u00e5 huden, det bek\u00e4mpar fria radikaler p\u00e5 huden och h\u00e5ller p\u00e5 s\u00e5 s\u00e4tt huden ungdomlig. Karotenoiderna i moroten hj\u00e4lper huden att regenerera och bibeh\u00e5lla hudens elasticitet. Mor\u00f6tter har \u00e4ven en lugnande och balanserande effekt p\u00e5 huden, till exempel n\u00e4r man t\u00e4nker p\u00e5 hudens talgsekretion. Det \u00e4r en av anledningarna till att kr\u00e4men l\u00e4mpar sig f\u00f6r b\u00e5de torr hud och l\u00e4tt fet hud.<\/p>\n<p>Inneh\u00e5ll: mandelolja, solrosolja, olivolja, bivax, sheasm\u00f6r, karotinolja, E-vitamin, et.olja: rosen geranium, lavendel<\/p>\n<p>INCI: Prunus amygdalus dulcis, Olea europaea fruit oil, Helianthus annuus seed oil, Cera flava, Butyrospermum parkii, Dunaliella Salina extract &amp; Helianthus Anuus Seed Oil, Tocopherol, et. oil: Rose geranium (Pelargonium x asperum), Lavandula angustifolia.<\/p>\n<p>Storlek: 35 ml<\/p>\n<p>Tillverkare: Lykkelia lifestyle<\/p>","protected":false},"excerpt":{"rendered":"<p>Porkkanavoide sopii kasvovoiteeksi. Se antaa kasvoille hieman p\u00e4ivettyneen v\u00e4rin, mutta ei toki oranssia v\u00e4ri\u00e4. T\u00e4m\u00e4kin voide on vedet\u00f6n, joten se sopii kasvoille my\u00f6s talvikeleill\u00e4. Voide sis\u00e4lt\u00e4\u00e4 luonnollisia raaka-aineita. Porkkana sis\u00e4lt\u00e4\u00e4 beetakaroteenia joka toimii iholla antioksidanttina, se taistelee iholla vapaita radikaaleja vastaan ja pit\u00e4\u00e4 ihon n\u00e4in nuorekkaana. Porkkanan kartenoidit auttavat ihoa uudistumaan sek\u00e4 yll\u00e4pit\u00e4m\u00e4\u00e4n ihon elastisuuden. &#8230; <\/p>\n<p class=\"read-more-container\"><a title=\"Morotscr\u00e9me\" class=\"read-more button\" href=\"https:\/\/lykkelia.com\/sv\/product\/porkkanavoide\/#more-4279\" aria-label=\"L\u00e4s mer om Porkkanavoide\">L\u00e4s mer<\/a><\/p>","protected":false},"featured_media":4285,"comment_status":"closed","ping_status":"closed","template":"","meta":[],"product_brand":[],"product_cat":[157],"product_tag":[],"class_list":{"0":"post-4279","1":"product","2":"type-product","3":"status-publish","4":"has-post-thumbnail","6":"product_cat-vartalonhoito","7":"product_shipping_class-s-paket","8":"resize-featured-image","9":"sales-flash-overlay","10":"woocommerce-text-align-center","11":"woocommerce-image-align-center","12":"do-quantity-buttons","14":"first","15":"instock","16":"taxable","17":"shipping-taxable","18":"purchasable","19":"product-type-simple"},"_links":{"self":[{"href":"https:\/\/lykkelia.com\/sv\/wp-json\/wp\/v2\/product\/4279","targetHints":{"allow":["GET"]}}],"collection":[{"href":"https:\/\/lykkelia.com\/sv\/wp-json\/wp\/v2\/product"}],"about":[{"href":"https:\/\/lykkelia.com\/sv\/wp-json\/wp\/v2\/types\/product"}],"replies":[{"embeddable":true,"href":"https:\/\/lykkelia.com\/sv\/wp-json\/wp\/v2\/comments?post=4279"}],"wp:featuredmedia":[{"embeddable":true,"href":"https:\/\/lykkelia.com\/sv\/wp-json\/wp\/v2\/media\/4285"}],"wp:attachment":[{"href":"https:\/\/lykkelia.com\/sv\/wp-json\/wp\/v2\/media?parent=4279"}],"wp:term":[{"taxonomy":"product_brand","embeddable":true,"href":"https:\/\/lykkelia.com\/sv\/wp-json\/wp\/v2\/product_brand?post=4279"},{"taxonomy":"product_cat","embeddable":true,"href":"https:\/\/lykkelia.com\/sv\/wp-json\/wp\/v2\/product_cat?post=4279"},{"taxonomy":"product_tag","embeddable":true,"href":"https:\/\/lykkelia.com\/sv\/wp-json\/wp\/v2\/product_tag?post=4279"}],"curies":[{"name":"wp","href":"https:\/\/api.w.org\/{rel}","templated":true}]}}