{"id":4281,"date":"2021-11-20T18:08:27","date_gmt":"2021-11-20T15:08:27","guid":{"rendered":"https:\/\/lykkelia.com\/?post_type=product&#038;p=4281"},"modified":"2025-04-06T13:31:43","modified_gmt":"2025-04-06T10:31:43","slug":"kehakukkavoide","status":"publish","type":"product","link":"https:\/\/lykkelia.com\/sv\/product\/kehakukkavoide\/","title":{"rendered":"Ringblomsalva"},"content":{"rendered":"<p>Ringblomssalvan \u00e4r en salva f\u00f6r hela familjens hudv\u00e5rd, passar \u00e4ven till sp\u00e4dbarn. Den \u00e4r en mjukg\u00f6rande salva som kan anv\u00e4ndas till h\u00e4nder, ansikte och torra l\u00e4ppar. Salvan \u00e4r l\u00e4mplig f\u00f6r daglig hudv\u00e5rd av hela kroppen. Den \u00e4r vattenfri, s\u00e5 den \u00e4r \u00e4ven en perfekt ansiktskr\u00e4m att anv\u00e4nda vintertid.<\/p>\n<p>Ringblomman inneh\u00e5ller antimikrobiska \u00e4mnen. Den lugnar irriterad hud och l\u00e4ker mindre hudskador. Salvan inneh\u00e5ller naturliga r\u00e5varor.<\/p>\n<p>Inneh\u00e5ll: bivax, rapsolja, sheasm\u00f6r, ringblommaextrakt, vitamin E och et. olja: lavendel.<\/p>\n<p>INCI: Cera flava, brassica campestris seed oil, butyrospermum parkii, calendula officinalis flower extract tocopherol, lavandula angustifolia oil<\/p>\n<p>Storlek: 35 ml<\/p>\n<p>Tillverkare: Lykkelia lifestyle<\/p>","protected":false},"excerpt":{"rendered":"<p>Keh\u00e4kukkavoide sopii koko perheen ihon hoitoon, my\u00f6s vauvoille. Se hoitaa hell\u00e4sti k\u00e4det, kasvot ja rohtuneet huulet. Voide sopii koko vartalon p\u00e4ivitt\u00e4iseen ihonhoitoon. Se on vedet\u00f6n, joten se on oiva kasvovoide my\u00f6s talvisin. Voide tekee ihosta pehme\u00e4n ja imeytyy hyvin. Keh\u00e4kukka sis\u00e4lt\u00e4\u00e4 antimikrobisia ainesosia. Se muun muassa rauhoittaa \u00e4rtynytt\u00e4 ihoa ja parantaa pieni\u00e4 ihovaurioita. Voide sis\u00e4lt\u00e4\u00e4 &#8230; <\/p>\n<p class=\"read-more-container\"><a title=\"Ringblomsalva\" class=\"read-more button\" href=\"https:\/\/lykkelia.com\/sv\/product\/kehakukkavoide\/#more-4281\" aria-label=\"L\u00e4s mer om Keh\u00e4kukkavoide\">L\u00e4s mer<\/a><\/p>","protected":false},"featured_media":4284,"comment_status":"closed","ping_status":"closed","template":"","meta":[],"product_brand":[],"product_cat":[157],"product_tag":[101],"class_list":{"0":"post-4281","1":"product","2":"type-product","3":"status-publish","4":"has-post-thumbnail","6":"product_cat-vartalonhoito","7":"product_tag-mehilaisvaha","8":"product_shipping_class-s-paket","9":"resize-featured-image","10":"sales-flash-overlay","11":"woocommerce-text-align-center","12":"woocommerce-image-align-center","13":"do-quantity-buttons","15":"first","16":"instock","17":"taxable","18":"shipping-taxable","19":"purchasable","20":"product-type-simple"},"_links":{"self":[{"href":"https:\/\/lykkelia.com\/sv\/wp-json\/wp\/v2\/product\/4281","targetHints":{"allow":["GET"]}}],"collection":[{"href":"https:\/\/lykkelia.com\/sv\/wp-json\/wp\/v2\/product"}],"about":[{"href":"https:\/\/lykkelia.com\/sv\/wp-json\/wp\/v2\/types\/product"}],"replies":[{"embeddable":true,"href":"https:\/\/lykkelia.com\/sv\/wp-json\/wp\/v2\/comments?post=4281"}],"wp:featuredmedia":[{"embeddable":true,"href":"https:\/\/lykkelia.com\/sv\/wp-json\/wp\/v2\/media\/4284"}],"wp:attachment":[{"href":"https:\/\/lykkelia.com\/sv\/wp-json\/wp\/v2\/media?parent=4281"}],"wp:term":[{"taxonomy":"product_brand","embeddable":true,"href":"https:\/\/lykkelia.com\/sv\/wp-json\/wp\/v2\/product_brand?post=4281"},{"taxonomy":"product_cat","embeddable":true,"href":"https:\/\/lykkelia.com\/sv\/wp-json\/wp\/v2\/product_cat?post=4281"},{"taxonomy":"product_tag","embeddable":true,"href":"https:\/\/lykkelia.com\/sv\/wp-json\/wp\/v2\/product_tag?post=4281"}],"curies":[{"name":"wp","href":"https:\/\/api.w.org\/{rel}","templated":true}]}}