{"id":463,"date":"2020-01-07T14:37:30","date_gmt":"2020-01-07T11:37:30","guid":{"rendered":"https:\/\/lykkelia.com\/?post_type=product&#038;p=463"},"modified":"2025-01-06T20:34:55","modified_gmt":"2025-01-06T18:34:55","slug":"disktrasa-natur","status":"publish","type":"product","link":"https:\/\/lykkelia.com\/sv\/product\/disktrasa-natur\/","title":{"rendered":"Disktrasa"},"content":{"rendered":"<p>Lin har den unika egenskapen att den absorberar v\u00e4ta och torkar snabbare \u00e4n n\u00e5got annat naturmaterial.<br \/>\nEn smutsig trasa reng\u00f6rs enkelt genom att maskintv\u00e4tta trasan i 60 grader alternativ koka den. Eftersom linet kommer fr\u00e5n naturen kan trasan l\u00e4ggas i komposten n\u00e4r den gjort sitt.<br \/>\nAnv\u00e4ndning: disktrasa, st\u00e4dtrasa<\/p>\n<p>Material: 100 % lin<br \/>\nStorlek: ca 190 x 180 mm<\/p>\n<p>Tillverkare: Tant Gr\u00f6ns St\u00e4d<\/p>","protected":false},"excerpt":{"rendered":"<p>Pellavalla on se ainutlaatuinen ominaisuus, ett\u00e4 se imee kosteutta ja kuivuu nopeammin kun mik\u00e4\u00e4n muu luonnonmateriaali. Likainen r\u00e4tti joko pest\u00e4\u00e4n 60 asteessa tai keitet\u00e4\u00e4n. T\u00e4m\u00e4n j\u00e4lkeen r\u00e4tti voidaan k\u00e4ytt\u00e4\u00e4 aina uudestaan. Kun r\u00e4tti on lopulta tehnyt teht\u00e4v\u00e4ns\u00e4, sen voi heitt\u00e4\u00e4 kompostiin, sill\u00e4 pellava on luonnonmateriaali ja se maatuu. K\u00e4ytt\u00f6: tiskir\u00e4tti, siivousr\u00e4tti Materiaali: 100 % pellavaa &#8230; <\/p>\n<p class=\"read-more-container\"><a title=\"Disktrasa\" class=\"read-more button\" href=\"https:\/\/lykkelia.com\/sv\/product\/disktrasa-natur\/#more-463\" aria-label=\"L\u00e4s mer om Tiskir\u00e4tti\">L\u00e4s mer<\/a><\/p>","protected":false},"featured_media":4638,"comment_status":"open","ping_status":"closed","template":"","meta":[],"product_brand":[],"product_cat":[79,135],"product_tag":[166,165,167,150],"class_list":{"0":"post-463","1":"product","2":"type-product","3":"status-publish","4":"has-post-thumbnail","6":"product_cat-keittio","7":"product_cat-siivousvalineet","8":"product_tag-luonnonvalkoinen","9":"product_tag-luonnonvarinen","10":"product_tag-musta","11":"product_tag-disktrasa-fi","12":"product_shipping_class-brev","13":"resize-featured-image","14":"sales-flash-overlay","15":"woocommerce-text-align-center","16":"woocommerce-image-align-center","17":"do-quantity-buttons","19":"first","20":"instock","21":"taxable","22":"shipping-taxable","23":"purchasable","24":"product-type-variable"},"_links":{"self":[{"href":"https:\/\/lykkelia.com\/sv\/wp-json\/wp\/v2\/product\/463","targetHints":{"allow":["GET"]}}],"collection":[{"href":"https:\/\/lykkelia.com\/sv\/wp-json\/wp\/v2\/product"}],"about":[{"href":"https:\/\/lykkelia.com\/sv\/wp-json\/wp\/v2\/types\/product"}],"replies":[{"embeddable":true,"href":"https:\/\/lykkelia.com\/sv\/wp-json\/wp\/v2\/comments?post=463"}],"wp:featuredmedia":[{"embeddable":true,"href":"https:\/\/lykkelia.com\/sv\/wp-json\/wp\/v2\/media\/4638"}],"wp:attachment":[{"href":"https:\/\/lykkelia.com\/sv\/wp-json\/wp\/v2\/media?parent=463"}],"wp:term":[{"taxonomy":"product_brand","embeddable":true,"href":"https:\/\/lykkelia.com\/sv\/wp-json\/wp\/v2\/product_brand?post=463"},{"taxonomy":"product_cat","embeddable":true,"href":"https:\/\/lykkelia.com\/sv\/wp-json\/wp\/v2\/product_cat?post=463"},{"taxonomy":"product_tag","embeddable":true,"href":"https:\/\/lykkelia.com\/sv\/wp-json\/wp\/v2\/product_tag?post=463"}],"curies":[{"name":"wp","href":"https:\/\/api.w.org\/{rel}","templated":true}]}}