{"id":4657,"date":"2024-10-20T17:30:49","date_gmt":"2024-10-20T14:30:49","guid":{"rendered":"https:\/\/lykkelia.com\/product\/lahjakortti\/"},"modified":"2024-10-20T18:23:08","modified_gmt":"2024-10-20T15:23:08","slug":"lahjakortti","status":"publish","type":"product","link":"https:\/\/lykkelia.com\/sv\/product\/lahjakortti\/","title":{"rendered":"Presentkort"},"content":{"rendered":"<p>Elektroniskt presentkort till webbutiken. Efter best\u00e4llning f\u00e5r du presentkortskoden i ditt mejl.<\/p>\n<p>Presentkortet anv\u00e4nds f\u00f6r att betala f\u00f6r best\u00e4llningen i webbutiken och kan anv\u00e4ndas antingen i delar eller allt p\u00e5 en g\u00e5ng. Om det finns v\u00e4rde kvar p\u00e5 presentkortet efter betalning kan koden anv\u00e4ndas igen i kassan.<\/p>\n<p>Om beloppet p\u00e5 best\u00e4llningen \u00f6verstiger presentkortets v\u00e4rde kan du betala den \u00f6verskjutande delen som du skulle g\u00f6ra med en vanlig best\u00e4llning i webbutiken.<\/p>","protected":false},"excerpt":{"rendered":"<p>S\u00e4hk\u00f6inen lahjakortti verkkokauppaan. Saat tilauksen j\u00e4lkeen lahjakortin koodin s\u00e4hk\u00f6postiisi. Lahjakorttia k\u00e4ytet\u00e4\u00e4n verkkokaupassa tilauksen maksamiseen ja sen voi k\u00e4ytt\u00e4\u00e4 joko osissa, tai kerralla. Mik\u00e4li lahjakortille j\u00e4\u00e4 arvoa maksun j\u00e4lkeen, koodin voi siis k\u00e4ytt\u00e4\u00e4 kassalla uudestaan. Jos tilauksen summa ylitt\u00e4\u00e4 lahjakortin arvon, voi ylimenev\u00e4n osan maksaa kuten normaalin tilauksen verkkokaupassa.<\/p>","protected":false},"featured_media":4663,"comment_status":"open","ping_status":"closed","template":"","meta":[],"product_brand":[],"product_cat":[170],"product_tag":[169],"class_list":{"0":"post-4657","1":"product","2":"type-product","3":"status-publish","4":"has-post-thumbnail","6":"product_cat-lahjatkortit","7":"product_tag-lahjakortti","8":"resize-featured-image","9":"sales-flash-overlay","10":"woocommerce-text-align-center","11":"woocommerce-image-align-center","12":"do-quantity-buttons","14":"first","15":"instock","16":"purchasable","17":"product-type-pw-gift-card"},"_links":{"self":[{"href":"https:\/\/lykkelia.com\/sv\/wp-json\/wp\/v2\/product\/4657","targetHints":{"allow":["GET"]}}],"collection":[{"href":"https:\/\/lykkelia.com\/sv\/wp-json\/wp\/v2\/product"}],"about":[{"href":"https:\/\/lykkelia.com\/sv\/wp-json\/wp\/v2\/types\/product"}],"replies":[{"embeddable":true,"href":"https:\/\/lykkelia.com\/sv\/wp-json\/wp\/v2\/comments?post=4657"}],"wp:featuredmedia":[{"embeddable":true,"href":"https:\/\/lykkelia.com\/sv\/wp-json\/wp\/v2\/media\/4663"}],"wp:attachment":[{"href":"https:\/\/lykkelia.com\/sv\/wp-json\/wp\/v2\/media?parent=4657"}],"wp:term":[{"taxonomy":"product_brand","embeddable":true,"href":"https:\/\/lykkelia.com\/sv\/wp-json\/wp\/v2\/product_brand?post=4657"},{"taxonomy":"product_cat","embeddable":true,"href":"https:\/\/lykkelia.com\/sv\/wp-json\/wp\/v2\/product_cat?post=4657"},{"taxonomy":"product_tag","embeddable":true,"href":"https:\/\/lykkelia.com\/sv\/wp-json\/wp\/v2\/product_tag?post=4657"}],"curies":[{"name":"wp","href":"https:\/\/api.w.org\/{rel}","templated":true}]}}