{"id":4737,"date":"2025-01-23T20:44:50","date_gmt":"2025-01-23T18:44:50","guid":{"rendered":"https:\/\/lykkelia.com\/?post_type=product&#038;p=4737"},"modified":"2025-12-04T21:45:50","modified_gmt":"2025-12-04T19:45:50","slug":"elainjoogakortit","status":"publish","type":"product","link":"https:\/\/lykkelia.com\/sv\/product\/elainjoogakortit\/","title":{"rendered":"Djuryoga-kortlek"},"content":{"rendered":"<p>Djuryoga-kortleken inneh\u00e5ller 50 f\u00e4rggranna kort:\n42 dubbelsidiga djurkort med detaljerade och inspirerande yogainstruktioner + 8 specialkort. Kortens f\u00e4rg ber\u00e4ttar om \u00f6vningen \u00e4r lugnande eller uppiggande. Kortleken ger anvisningar till 10 stimulerande lekar och m\u00e5nga id\u00e9er till kreativ anv\u00e4ndning. Djuryogakorten \u00e4r avsedda f\u00f6r barn i \u00e5ldern 3-10 \u00e5r.<\/p>\n<p class=\"translation-block\">Yogakorten v\u00e4gleder till \u00f6vningar som st\u00e4rker barnets:<br>\n- koncentrationsf\u00f6rm\u00e5ga<br>\n- h\u00e5llning och kroppsmedvetenhet<br>\n- avslappningsf\u00f6rm\u00e5ga<br>\n- fantasi och ber\u00e4ttargl\u00e4dje<br>\n- lust att r\u00f6ra p\u00e5 sig, ensam och tillsammans<br>\n- empati och positiva attityd<br>\n- mod att lita p\u00e5\u00a0sin\u00a0egen\u00a0kropp<\/p>\n<p>Skapare och utgivare: Meri Mort<br \/>\nKorten trycks i Estland<\/p>","protected":false},"excerpt":{"rendered":"<p>El\u00e4injoogakorttipakka sis\u00e4lt\u00e4\u00e4 yhteens\u00e4 50 v\u00e4rik\u00e4st\u00e4 korttia: 42 el\u00e4inkorttia seikkaper\u00e4isin joogaohjein + 8 erikoiskorttia. Kaksipuoleisissa korteissa on selke\u00e4t v\u00e4rit, jotka kertovat onko harjoitus rauhoittava vai virkist\u00e4v\u00e4. Mukana 10 erilaista kannustavaa leikki\u00e4 ja tapaa k\u00e4ytt\u00e4\u00e4 kortteja luovasti lapsen tai lasten kanssa. Kortit on suunnattu 3-10-vuotiaille. Joogakortit antavat lapsille: &#8211; ty\u00f6kaluja keskittymiseen &#8211; hyv\u00e4\u00e4 ryhti\u00e4 ja kehotietoisuutta &#8211; &#8230; <\/p>\n<p class=\"read-more-container\"><a title=\"Djuryoga-kortlek\" class=\"read-more button\" href=\"https:\/\/lykkelia.com\/sv\/product\/elainjoogakortit\/#more-4737\" aria-label=\"L\u00e4s mer om El\u00e4injooga-korttipakka\">L\u00e4s mer<\/a><\/p>","protected":false},"featured_media":4736,"comment_status":"closed","ping_status":"closed","template":"","meta":[],"product_brand":[],"product_cat":[157],"product_tag":[],"class_list":{"0":"post-4737","1":"product","2":"type-product","3":"status-publish","4":"has-post-thumbnail","6":"product_cat-vartalonhoito","7":"product_shipping_class-s-paket","8":"resize-featured-image","9":"sales-flash-overlay","10":"woocommerce-text-align-center","11":"woocommerce-image-align-center","12":"do-quantity-buttons","14":"first","15":"instock","16":"taxable","17":"shipping-taxable","18":"purchasable","19":"product-type-variable"},"_links":{"self":[{"href":"https:\/\/lykkelia.com\/sv\/wp-json\/wp\/v2\/product\/4737","targetHints":{"allow":["GET"]}}],"collection":[{"href":"https:\/\/lykkelia.com\/sv\/wp-json\/wp\/v2\/product"}],"about":[{"href":"https:\/\/lykkelia.com\/sv\/wp-json\/wp\/v2\/types\/product"}],"replies":[{"embeddable":true,"href":"https:\/\/lykkelia.com\/sv\/wp-json\/wp\/v2\/comments?post=4737"}],"wp:featuredmedia":[{"embeddable":true,"href":"https:\/\/lykkelia.com\/sv\/wp-json\/wp\/v2\/media\/4736"}],"wp:attachment":[{"href":"https:\/\/lykkelia.com\/sv\/wp-json\/wp\/v2\/media?parent=4737"}],"wp:term":[{"taxonomy":"product_brand","embeddable":true,"href":"https:\/\/lykkelia.com\/sv\/wp-json\/wp\/v2\/product_brand?post=4737"},{"taxonomy":"product_cat","embeddable":true,"href":"https:\/\/lykkelia.com\/sv\/wp-json\/wp\/v2\/product_cat?post=4737"},{"taxonomy":"product_tag","embeddable":true,"href":"https:\/\/lykkelia.com\/sv\/wp-json\/wp\/v2\/product_tag?post=4737"}],"curies":[{"name":"wp","href":"https:\/\/api.w.org\/{rel}","templated":true}]}}