{"id":625,"date":"2020-01-10T15:25:21","date_gmt":"2020-01-10T13:25:21","guid":{"rendered":"https:\/\/lykkelia.com\/?post_type=product&#038;p=625"},"modified":"2024-10-20T16:44:04","modified_gmt":"2024-10-20T13:44:04","slug":"suodatinpussi","status":"publish","type":"product","link":"https:\/\/lykkelia.com\/sv\/product\/suodatinpussi\/","title":{"rendered":"Kaffefilter"},"content":{"rendered":"<p>Anv\u00e4ndning: Filterp\u00e5sen \u00e4r omedelbart klar att anv\u00e4ndas. Tv\u00e4tta eller koka efter anv\u00e4ndning och anv\u00e4nd igen.<br \/>\nTv\u00e4ttas i 40 grader eller kokas.<br \/>\nAnv\u00e4nd ej sk\u00f6ljmedel.<\/p>\n<p>Material: 100 % lin<\/p>\n<p>Valmistaja: Tant Gr\u00f6ns St\u00e4d.<\/p>","protected":false},"excerpt":{"rendered":"<p>K\u00e4ytt\u00f6: Suodatinpussi on heti valmis k\u00e4ytt\u00f6\u00f6n. Pese tai keit\u00e4 k\u00e4yt\u00f6n j\u00e4lkeen ja k\u00e4yt\u00e4 uudestaan. Pest\u00e4\u00e4n 40 asteessa tai keitet\u00e4\u00e4n. \u00c4l\u00e4 k\u00e4yt\u00e4 huuhteluainetta. Materiaali: 100 % pellavaa. Valmistaja: Tant Gr\u00f6ns St\u00e4d.<\/p>","protected":false},"featured_media":1247,"comment_status":"open","ping_status":"closed","template":"","meta":[],"product_brand":[],"product_cat":[79],"product_tag":[77,143,144],"class_list":{"0":"post-625","1":"product","2":"type-product","3":"status-publish","4":"has-post-thumbnail","6":"product_cat-keittio","7":"product_tag-kaffe-fi","8":"product_tag-filter-fi","9":"product_tag-kaffefilter-fi","10":"product_shipping_class-brev","11":"resize-featured-image","12":"sales-flash-overlay","13":"woocommerce-text-align-center","14":"woocommerce-image-align-center","15":"do-quantity-buttons","17":"first","18":"instock","19":"taxable","20":"shipping-taxable","21":"purchasable","22":"product-type-variable","23":"has-default-attributes"},"_links":{"self":[{"href":"https:\/\/lykkelia.com\/sv\/wp-json\/wp\/v2\/product\/625","targetHints":{"allow":["GET"]}}],"collection":[{"href":"https:\/\/lykkelia.com\/sv\/wp-json\/wp\/v2\/product"}],"about":[{"href":"https:\/\/lykkelia.com\/sv\/wp-json\/wp\/v2\/types\/product"}],"replies":[{"embeddable":true,"href":"https:\/\/lykkelia.com\/sv\/wp-json\/wp\/v2\/comments?post=625"}],"wp:featuredmedia":[{"embeddable":true,"href":"https:\/\/lykkelia.com\/sv\/wp-json\/wp\/v2\/media\/1247"}],"wp:attachment":[{"href":"https:\/\/lykkelia.com\/sv\/wp-json\/wp\/v2\/media?parent=625"}],"wp:term":[{"taxonomy":"product_brand","embeddable":true,"href":"https:\/\/lykkelia.com\/sv\/wp-json\/wp\/v2\/product_brand?post=625"},{"taxonomy":"product_cat","embeddable":true,"href":"https:\/\/lykkelia.com\/sv\/wp-json\/wp\/v2\/product_cat?post=625"},{"taxonomy":"product_tag","embeddable":true,"href":"https:\/\/lykkelia.com\/sv\/wp-json\/wp\/v2\/product_tag?post=625"}],"curies":[{"name":"wp","href":"https:\/\/api.w.org\/{rel}","templated":true}]}}