{"id":702,"date":"2020-01-11T19:58:31","date_gmt":"2020-01-11T16:58:31","guid":{"rendered":"https:\/\/lykkelia.com\/?post_type=product&#038;p=702"},"modified":"2025-03-31T19:40:58","modified_gmt":"2025-03-31T16:40:58","slug":"pesuri","status":"publish","type":"product","link":"https:\/\/lykkelia.com\/sv\/product\/pesuri\/","title":{"rendered":"Skrubbis"},"content":{"rendered":"<p>Anv\u00e4ndning: Skrubbisen kan du anv\u00e4nda till reng\u00f6ring av dig sj\u00e4lv eller disken. Den \u00e4r \u00f6ppen upptill s\u00e5 man kan s\u00e4tta in t.ex. en tv\u00e5l om den anv\u00e4nds i duschen eller  s\u00e4tta in handen vid diskning. Skrubbisen kan tv\u00e4ttas i 60 grader eller kokas. N\u00e4r den anv\u00e4nts slut kan den s\u00e4ttas i komposten.<\/p>\n<p>Material: 100 % lin<\/p>\n<p>Storlek: 100 x140 mm<\/p>\n<p>Tillverkare: Tant Gr\u00f6ns St\u00e4d<\/p>","protected":false},"excerpt":{"rendered":"<p>K\u00e4ytt\u00f6: Pesuria voi k\u00e4ytt\u00e4\u00e4 joko vartalon puhdistukseen tai tiskaamiseen. Sen yl\u00e4osa on avoin jotta sinna voi laittaa saippuan suihkussa tai k\u00e4den tiskatessa. Pesurin voi pest\u00e4 60 asteessa tai keitt\u00e4\u00e4 ja kun Pesuri on k\u00e4ytetty loppuun sen voi laittaa kompostiin. Materiaali: 100% pellavaa. Koko: 100 x 140 mm Valmistaja: Tant Gr\u00f6ns St\u00e4d<\/p>","protected":false},"featured_media":1274,"comment_status":"open","ping_status":"closed","template":"","meta":[],"product_brand":[],"product_cat":[79,135],"product_tag":[117],"class_list":{"0":"post-702","1":"product","2":"type-product","3":"status-publish","4":"has-post-thumbnail","6":"product_cat-keittio","7":"product_cat-siivousvalineet","8":"product_tag-skrubbisen","9":"product_shipping_class-brev","10":"resize-featured-image","11":"sales-flash-overlay","12":"woocommerce-text-align-center","13":"woocommerce-image-align-center","14":"do-quantity-buttons","16":"first","17":"outofstock","18":"taxable","19":"shipping-taxable","20":"purchasable","21":"product-type-simple"},"_links":{"self":[{"href":"https:\/\/lykkelia.com\/sv\/wp-json\/wp\/v2\/product\/702","targetHints":{"allow":["GET"]}}],"collection":[{"href":"https:\/\/lykkelia.com\/sv\/wp-json\/wp\/v2\/product"}],"about":[{"href":"https:\/\/lykkelia.com\/sv\/wp-json\/wp\/v2\/types\/product"}],"replies":[{"embeddable":true,"href":"https:\/\/lykkelia.com\/sv\/wp-json\/wp\/v2\/comments?post=702"}],"wp:featuredmedia":[{"embeddable":true,"href":"https:\/\/lykkelia.com\/sv\/wp-json\/wp\/v2\/media\/1274"}],"wp:attachment":[{"href":"https:\/\/lykkelia.com\/sv\/wp-json\/wp\/v2\/media?parent=702"}],"wp:term":[{"taxonomy":"product_brand","embeddable":true,"href":"https:\/\/lykkelia.com\/sv\/wp-json\/wp\/v2\/product_brand?post=702"},{"taxonomy":"product_cat","embeddable":true,"href":"https:\/\/lykkelia.com\/sv\/wp-json\/wp\/v2\/product_cat?post=702"},{"taxonomy":"product_tag","embeddable":true,"href":"https:\/\/lykkelia.com\/sv\/wp-json\/wp\/v2\/product_tag?post=702"}],"curies":[{"name":"wp","href":"https:\/\/api.w.org\/{rel}","templated":true}]}}