{"id":762,"date":"2020-01-12T16:45:15","date_gmt":"2020-01-12T13:45:15","guid":{"rendered":"https:\/\/lykkelia.com\/?post_type=product&amp;p=762"},"modified":"2020-01-12T16:45:15","modified_gmt":"2020-01-12T13:45:15","slug":"puhdistuslaput","status":"publish","type":"product","link":"https:\/\/lykkelia.com\/sv\/product\/puhdistuslaput\/","title":{"rendered":"Bomullsrondell"},"content":{"rendered":"<p>Bomullsrondeller i 100% ekologisk bomull.\nKommer i 10-pack. Finns i ljusare och m\u00f6rkare f\u00e4rger.<br \/>\nPakkauksessa 10 kpl. Saatavana vaaleammissa ja tummemmissa v\u00e4reiss\u00e4.<\/p>\n<p>Anv\u00e4ndning: Perfekt att tv\u00e4tta ansiktet med.<\/p>\n<p>Material: 100 % ekologisk bomull<\/p>\n<p>Storlek: diameter ca 65 mm<\/p>\n<p>Tillverkare: Tant Gr\u00f6ns St\u00e4d<\/p>","protected":false},"excerpt":{"rendered":"<p>Pesulaput 100% luonnonmukaista puuvillaa. Pakkauksessa 10 kpl. Saatavana vaaleammissa ja tummemmissa v\u00e4reiss\u00e4. K\u00e4ytt\u00f6: T\u00e4ydellinen kasvojen pesuun. Materiaali: 100 % luonnonmukaista puuvillaa Koko: l\u00e4pimitta n. 65 mm Valmistaja: Tant Gr\u00f6ns St\u00e4d<\/p>","protected":false},"featured_media":1276,"comment_status":"open","ping_status":"closed","template":"","meta":[],"product_brand":[],"product_cat":[157],"product_tag":[120],"class_list":{"0":"post-762","1":"product","2":"type-product","3":"status-publish","4":"has-post-thumbnail","6":"product_cat-vartalonhoito","7":"product_tag-puhdistuslaput","8":"product_shipping_class-brev","9":"resize-featured-image","10":"sales-flash-overlay","11":"woocommerce-text-align-center","12":"woocommerce-image-align-center","13":"do-quantity-buttons","15":"first","16":"instock","17":"taxable","18":"shipping-taxable","19":"purchasable","20":"product-type-simple"},"_links":{"self":[{"href":"https:\/\/lykkelia.com\/sv\/wp-json\/wp\/v2\/product\/762","targetHints":{"allow":["GET"]}}],"collection":[{"href":"https:\/\/lykkelia.com\/sv\/wp-json\/wp\/v2\/product"}],"about":[{"href":"https:\/\/lykkelia.com\/sv\/wp-json\/wp\/v2\/types\/product"}],"replies":[{"embeddable":true,"href":"https:\/\/lykkelia.com\/sv\/wp-json\/wp\/v2\/comments?post=762"}],"wp:featuredmedia":[{"embeddable":true,"href":"https:\/\/lykkelia.com\/sv\/wp-json\/wp\/v2\/media\/1276"}],"wp:attachment":[{"href":"https:\/\/lykkelia.com\/sv\/wp-json\/wp\/v2\/media?parent=762"}],"wp:term":[{"taxonomy":"product_brand","embeddable":true,"href":"https:\/\/lykkelia.com\/sv\/wp-json\/wp\/v2\/product_brand?post=762"},{"taxonomy":"product_cat","embeddable":true,"href":"https:\/\/lykkelia.com\/sv\/wp-json\/wp\/v2\/product_cat?post=762"},{"taxonomy":"product_tag","embeddable":true,"href":"https:\/\/lykkelia.com\/sv\/wp-json\/wp\/v2\/product_tag?post=762"}],"curies":[{"name":"wp","href":"https:\/\/api.w.org\/{rel}","templated":true}]}}