{"id":865,"date":"2020-01-13T23:00:04","date_gmt":"2020-01-13T21:00:04","guid":{"rendered":"https:\/\/lykkelia.com\/?post_type=product&#038;p=865"},"modified":"2024-09-17T12:03:56","modified_gmt":"2024-09-17T09:03:56","slug":"pannunalunen","status":"publish","type":"product","link":"https:\/\/lykkelia.com\/sv\/product\/pannunalunen\/","title":{"rendered":"Kastrullunderl\u00e4gg"},"content":{"rendered":"<p>Genom tiderna har man gjort rephantverk av det h\u00e4r slaget \u00f6ver hela v\u00e4rlden. I dag \u00e4r det f\u00e5 som kan denna konst.<\/p>\n<p>Anv\u00e4ndning: under kastruller, stekpannor eller andra varma k\u00e4rl. Fungerar \u00e4ven som inredningsdetalj.<br \/>\nFungerar \u00e4ven som inredningsdetalj.<\/p>\n<p>Tillverkare: G.G Rope<\/p>","protected":false},"excerpt":{"rendered":"<p>L\u00e4pi aikojen merimiehet ovat tehneet t\u00e4llaisia k\u00f6ysit\u00f6it\u00e4 ymp\u00e4ri maailmaa. T\u00e4n\u00e4 p\u00e4iv\u00e4n\u00e4 harva hallitsee t\u00e4m\u00e4n taidon. K\u00e4ytt\u00f6: kattiloiden, paistinpannujen tai muiden l\u00e4mpimien astioiden alle. Sopii my\u00f6s sisustuselementiksi. Valmistaja: G.G Rope<\/p>","protected":false},"featured_media":1282,"comment_status":"open","ping_status":"closed","template":"","meta":[],"product_brand":[],"product_cat":[79],"product_tag":[78,85],"class_list":{"0":"post-865","1":"product","2":"type-product","3":"status-publish","4":"has-post-thumbnail","6":"product_cat-keittio","7":"product_tag-kastrullunderlagg-sv","8":"product_tag-koysityot-fi","9":"product_shipping_class-s-paket","10":"resize-featured-image","11":"sales-flash-overlay","12":"woocommerce-text-align-center","13":"woocommerce-image-align-center","14":"do-quantity-buttons","16":"first","17":"outofstock","18":"taxable","19":"shipping-taxable","20":"purchasable","21":"product-type-variable","22":"has-default-attributes"},"_links":{"self":[{"href":"https:\/\/lykkelia.com\/sv\/wp-json\/wp\/v2\/product\/865","targetHints":{"allow":["GET"]}}],"collection":[{"href":"https:\/\/lykkelia.com\/sv\/wp-json\/wp\/v2\/product"}],"about":[{"href":"https:\/\/lykkelia.com\/sv\/wp-json\/wp\/v2\/types\/product"}],"replies":[{"embeddable":true,"href":"https:\/\/lykkelia.com\/sv\/wp-json\/wp\/v2\/comments?post=865"}],"wp:featuredmedia":[{"embeddable":true,"href":"https:\/\/lykkelia.com\/sv\/wp-json\/wp\/v2\/media\/1282"}],"wp:attachment":[{"href":"https:\/\/lykkelia.com\/sv\/wp-json\/wp\/v2\/media?parent=865"}],"wp:term":[{"taxonomy":"product_brand","embeddable":true,"href":"https:\/\/lykkelia.com\/sv\/wp-json\/wp\/v2\/product_brand?post=865"},{"taxonomy":"product_cat","embeddable":true,"href":"https:\/\/lykkelia.com\/sv\/wp-json\/wp\/v2\/product_cat?post=865"},{"taxonomy":"product_tag","embeddable":true,"href":"https:\/\/lykkelia.com\/sv\/wp-json\/wp\/v2\/product_tag?post=865"}],"curies":[{"name":"wp","href":"https:\/\/api.w.org\/{rel}","templated":true}]}}