{"id":873,"date":"2020-01-13T23:14:13","date_gmt":"2020-01-13T20:14:13","guid":{"rendered":"https:\/\/lykkelia.com\/?post_type=product&amp;p=873"},"modified":"2020-01-13T23:14:13","modified_gmt":"2020-01-13T20:14:13","slug":"koysimatto","status":"publish","type":"product","link":"https:\/\/lykkelia.com\/sv\/product\/koysimatto\/","title":{"rendered":"Repmatta"},"content":{"rendered":"<p>Genom tiderna har man gjort rephantverk av det h\u00e4r slaget \u00f6ver hela v\u00e4rlden. I dag \u00e4r det f\u00e5 som kan denna konst.<\/p>\n<p>Anv\u00e4ndning: repmatta f\u00f6r s\u00e5v\u00e4l inomhus som utomhus bruk. Vid v\u00e4ta, b\u00f6r mattan f\u00e5 torka f\u00f6r att h\u00e5llas i bra skick.<\/p>\n<p>Material: manilarep<\/p>\n<p>Storlek: ca. 78 x 38 cm<\/p>\n<p>Tillverkare: G.G Rope<\/p>","protected":false},"excerpt":{"rendered":"<p>L\u00e4pi aikojen merimiehet ovat tehneet t\u00e4llaisia k\u00f6ysit\u00f6it\u00e4 ymp\u00e4ri maailmaa. T\u00e4n\u00e4 p\u00e4iv\u00e4n\u00e4 harva hallitsee t\u00e4m\u00e4n taidon. K\u00e4ytt\u00f6: k\u00f6ysimatto sek\u00e4 ulko- ett\u00e4 sis\u00e4k\u00e4ytt\u00f6\u00f6n. Kosteella, maton tarvitsee kuivua pysy\u00e4kseen hyv\u00e4ss\u00e4 kunnossa. Materiaali: manillak\u00f6ysi Koko: n. 78 x 38 cm Valmistaja: G.G Rope<\/p>","protected":false},"featured_media":1180,"comment_status":"open","ping_status":"closed","template":"","meta":[],"product_brand":[],"product_cat":[153],"product_tag":[85],"class_list":{"0":"post-873","1":"product","2":"type-product","3":"status-publish","4":"has-post-thumbnail","6":"product_cat-ulkokayttoon","7":"product_tag-koysityot-fi","8":"product_shipping_class-m-paket","9":"resize-featured-image","10":"sales-flash-overlay","11":"woocommerce-text-align-center","12":"woocommerce-image-align-center","13":"do-quantity-buttons","15":"first","16":"instock","17":"taxable","18":"shipping-taxable","19":"purchasable","20":"product-type-simple"},"_links":{"self":[{"href":"https:\/\/lykkelia.com\/sv\/wp-json\/wp\/v2\/product\/873","targetHints":{"allow":["GET"]}}],"collection":[{"href":"https:\/\/lykkelia.com\/sv\/wp-json\/wp\/v2\/product"}],"about":[{"href":"https:\/\/lykkelia.com\/sv\/wp-json\/wp\/v2\/types\/product"}],"replies":[{"embeddable":true,"href":"https:\/\/lykkelia.com\/sv\/wp-json\/wp\/v2\/comments?post=873"}],"wp:featuredmedia":[{"embeddable":true,"href":"https:\/\/lykkelia.com\/sv\/wp-json\/wp\/v2\/media\/1180"}],"wp:attachment":[{"href":"https:\/\/lykkelia.com\/sv\/wp-json\/wp\/v2\/media?parent=873"}],"wp:term":[{"taxonomy":"product_brand","embeddable":true,"href":"https:\/\/lykkelia.com\/sv\/wp-json\/wp\/v2\/product_brand?post=873"},{"taxonomy":"product_cat","embeddable":true,"href":"https:\/\/lykkelia.com\/sv\/wp-json\/wp\/v2\/product_cat?post=873"},{"taxonomy":"product_tag","embeddable":true,"href":"https:\/\/lykkelia.com\/sv\/wp-json\/wp\/v2\/product_tag?post=873"}],"curies":[{"name":"wp","href":"https:\/\/api.w.org\/{rel}","templated":true}]}}