{"id":875,"date":"2020-01-13T23:17:08","date_gmt":"2020-01-13T21:17:08","guid":{"rendered":"https:\/\/lykkelia.com\/?post_type=product&#038;p=875"},"modified":"2024-09-17T12:01:51","modified_gmt":"2024-09-17T09:01:51","slug":"lasipallo","status":"publish","type":"product","link":"https:\/\/lykkelia.com\/sv\/product\/lasipallo\/","title":{"rendered":"Glasboll"},"content":{"rendered":"<p>Genom tiderna har man gjort rephantverk av det h\u00e4r slaget \u00f6ver hela v\u00e4rlden. I dag \u00e4r det f\u00e5 som kan denna konst.<\/p>\n<p>Anv\u00e4ndning: inredningsdetalj inomhus och utomhus.<\/p>\n<p>Material: manilarep, glasboll<\/p>\n<p>Storlek: diameter ca 19-20 cm<\/p>\n<p>Tillverkare: G.G Rope<\/p>","protected":false},"excerpt":{"rendered":"<p>L\u00e4pi aikojen merimiehet ovat tehneet t\u00e4llaisia k\u00f6ysit\u00f6it\u00e4 ymp\u00e4ri maailmaa. T\u00e4n\u00e4 p\u00e4iv\u00e4n\u00e4 harva hallitsee t\u00e4m\u00e4n taidon. K\u00e4ytt\u00f6: sisustukseen ulko tai sis\u00e4k\u00e4ytt\u00f6\u00f6n. Materiaali: manillak\u00f6ysi, lasipallo Koko: l\u00e4pimitta n. 19-20cm Valmistaja: G.G Rope<\/p>","protected":false},"featured_media":1047,"comment_status":"open","ping_status":"closed","template":"","meta":[],"product_brand":[],"product_cat":[153],"product_tag":[90],"class_list":{"0":"post-875","1":"product","2":"type-product","3":"status-publish","4":"has-post-thumbnail","6":"product_cat-ulkokayttoon","7":"product_tag-glasboll-fi","8":"product_shipping_class-sarkyva-paketti","9":"resize-featured-image","10":"sales-flash-overlay","11":"woocommerce-text-align-center","12":"woocommerce-image-align-center","13":"do-quantity-buttons","15":"first","16":"outofstock","17":"taxable","18":"shipping-taxable","19":"purchasable","20":"product-type-variable"},"_links":{"self":[{"href":"https:\/\/lykkelia.com\/sv\/wp-json\/wp\/v2\/product\/875","targetHints":{"allow":["GET"]}}],"collection":[{"href":"https:\/\/lykkelia.com\/sv\/wp-json\/wp\/v2\/product"}],"about":[{"href":"https:\/\/lykkelia.com\/sv\/wp-json\/wp\/v2\/types\/product"}],"replies":[{"embeddable":true,"href":"https:\/\/lykkelia.com\/sv\/wp-json\/wp\/v2\/comments?post=875"}],"wp:featuredmedia":[{"embeddable":true,"href":"https:\/\/lykkelia.com\/sv\/wp-json\/wp\/v2\/media\/1047"}],"wp:attachment":[{"href":"https:\/\/lykkelia.com\/sv\/wp-json\/wp\/v2\/media?parent=875"}],"wp:term":[{"taxonomy":"product_brand","embeddable":true,"href":"https:\/\/lykkelia.com\/sv\/wp-json\/wp\/v2\/product_brand?post=875"},{"taxonomy":"product_cat","embeddable":true,"href":"https:\/\/lykkelia.com\/sv\/wp-json\/wp\/v2\/product_cat?post=875"},{"taxonomy":"product_tag","embeddable":true,"href":"https:\/\/lykkelia.com\/sv\/wp-json\/wp\/v2\/product_tag?post=875"}],"curies":[{"name":"wp","href":"https:\/\/api.w.org\/{rel}","templated":true}]}}